{"id":3604,"date":"2022-02-17T11:35:17","date_gmt":"2022-02-17T10:35:17","guid":{"rendered":"https:\/\/vertikale.freiundzeit-dev.it\/angebot\/corsi-scholastici\/"},"modified":"2024-09-23T09:49:36","modified_gmt":"2024-09-23T07:49:36","slug":"corsi-scholastici","status":"publish","type":"page","link":"https:\/\/vertikale.it\/it\/angebot\/corsi-scholastici\/","title":{"rendered":"Scuole"},"content":{"rendered":"\t\t<div data-elementor-type=\"wp-page\" data-elementor-id=\"3604\" class=\"elementor elementor-3604 elementor-1529\" data-elementor-post-type=\"page\">\n\t\t\t\t\t\t<section class=\"elementor-section elementor-top-section elementor-element elementor-element-88bfec1 elementor-section-boxed elementor-section-height-default elementor-section-height-default\" data-id=\"88bfec1\" data-element_type=\"section\" data-e-type=\"section\">\n\t\t\t\t\t\t<div class=\"elementor-container elementor-column-gap-default\">\n\t\t\t\t\t<div class=\"elementor-column elementor-col-50 elementor-top-column elementor-element elementor-element-860e61c\" data-id=\"860e61c\" data-element_type=\"column\" data-e-type=\"column\" data-settings=\"{&quot;background_background&quot;:&quot;classic&quot;}\">\n\t\t\t<div class=\"elementor-widget-wrap elementor-element-populated\">\n\t\t\t\t\t\t<div class=\"elementor-element elementor-element-0c1e3c0 elementor-widget elementor-widget-heading\" data-id=\"0c1e3c0\" data-element_type=\"widget\" data-e-type=\"widget\" data-widget_type=\"heading.default\">\n\t\t\t\t<div class=\"elementor-widget-container\">\n\t\t\t\t\t<h2 class=\"elementor-heading-title elementor-size-default\">IMPARA A ARRAMPICARE a scuola!<\/h2>\t\t\t\t<\/div>\n\t\t\t\t<\/div>\n\t\t\t\t<div class=\"elementor-element elementor-element-1643544 elementor-widget elementor-widget-text-editor\" data-id=\"1643544\" data-element_type=\"widget\" data-e-type=\"widget\" data-widget_type=\"text-editor.default\">\n\t\t\t\t<div class=\"elementor-widget-container\">\n\t\t\t\t\t\t\t\t\t<p>La Vertikale pu\u00f2 essere visitata anche dalle classi scolastiche durante le lezioni. Gli insegnanti di sport possono informarsi sul regolamento qui.<\/p><p>Il nostro centro di arrampicata Vertikale pu\u00f2 essere utilizzato a prezzi ridotti durante le lezioni. I prezzi ridotti sono validi per le scuole dell&#8217;obbligo della Provincia Autonoma di Bolzano.\u00a0 Occorre osservare quanto segue:<\/p><p><strong>Orari di utilizzo:<\/strong> dal luned\u00ec al venerd\u00ec dalle 8:00 alle 14:00; dalle 14:00 alle 16:00 solo previa disponibilit\u00e0. Sabato dalle 8:00 alle 13:30 Prenotazione: almeno una settimana prima!<\/p><p><strong>Aree:<\/strong> Le classi scolastiche possono utilizzare la torre (8 metri) e la galleria (12 metri) per l&#8217;arrampicata con le corde di sicurezza, nonch\u00e9 la sala boulder, un&#8217;area di arrampicata protetta con materassini. L&#8217;area Lead NON pu\u00f2 essere utilizzata dalle classi scolastiche.<\/p><p>In linea di principio, il personale docente pu\u00f2 organizzare autonomamente le lezioni. Se vuoi comunque lasciare le lezioni di arrampicata alle cure dello staff di arrampicata dell&#8217;AVS, saremo lieti di fornirle. Facciamo pagare 42 euro l&#8217;ora per questo. Nella scuola elementare, consigliamo le unit\u00e1 di un&#8217;ora e mezza. Nelle scuole medie e superiori o nella scuola professionale possono durare fino a due ore.<\/p>\t\t\t\t\t\t\t\t<\/div>\n\t\t\t\t<\/div>\n\t\t\t\t\t<\/div>\n\t\t<\/div>\n\t\t\t\t<div class=\"elementor-column elementor-col-50 elementor-top-column elementor-element elementor-element-36ef387\" data-id=\"36ef387\" data-element_type=\"column\" data-e-type=\"column\" data-settings=\"{&quot;background_background&quot;:&quot;classic&quot;}\">\n\t\t\t<div class=\"elementor-widget-wrap elementor-element-populated\">\n\t\t\t\t\t\t<div class=\"elementor-element elementor-element-6327b44 elementor-widget elementor-widget-heading\" data-id=\"6327b44\" data-element_type=\"widget\" data-e-type=\"widget\" data-widget_type=\"heading.default\">\n\t\t\t\t<div class=\"elementor-widget-container\">\n\t\t\t\t\t<h2 class=\"elementor-heading-title elementor-size-default\">Sicurezza<\/h2>\t\t\t\t<\/div>\n\t\t\t\t<\/div>\n\t\t\t\t<div class=\"elementor-element elementor-element-22bdcfc elementor-widget elementor-widget-text-editor\" data-id=\"22bdcfc\" data-element_type=\"widget\" data-e-type=\"widget\" data-widget_type=\"text-editor.default\">\n\t\t\t\t<div class=\"elementor-widget-container\">\n\t\t\t\t\t\t\t\t\t<p><strong>Chiave di distribuzione:<\/strong><br \/>La chiave di distribuzione 1:9 si applica a tutte le fasce d&#8217;et\u00e0; un istruttore di arrampicata ogni nove studenti.<\/p>\t\t\t\t\t\t\t\t<\/div>\n\t\t\t\t<\/div>\n\t\t\t\t<div class=\"elementor-element elementor-element-4b3b668 elementor-widget elementor-widget-heading\" data-id=\"4b3b668\" data-element_type=\"widget\" data-e-type=\"widget\" data-widget_type=\"heading.default\">\n\t\t\t\t<div class=\"elementor-widget-container\">\n\t\t\t\t\t<h2 class=\"elementor-heading-title elementor-size-default\">Prezzi (per le scuole dell'obbligo della provincia autonoma di Bolzano)<\/h2>\t\t\t\t<\/div>\n\t\t\t\t<\/div>\n\t\t\t\t<div class=\"elementor-element elementor-element-f820df4 elementor-widget elementor-widget-text-editor\" data-id=\"f820df4\" data-element_type=\"widget\" data-e-type=\"widget\" data-widget_type=\"text-editor.default\">\n\t\t\t\t<div class=\"elementor-widget-container\">\n\t\t\t\t\t\t\t\t\t<p><strong>Prezzi<\/strong>: 4 euro a studente (compresi imbracatura, corda e dispositivi di assicurazione)<\/p><p><strong>Scarpette da arrampicata<\/strong>: 1,50 euro. L&#8217;arrampicata \u00e8 possibile con scarpe da ginnastica indoor pulite. \u00c8 vietato arrampicare con scarpe da strada o calzini!<\/p><p><strong>Istruttore di arrampicata:<\/strong> 40 euro l&#8217;ora per 60 minuti. Per i gruppi pi\u00f9 numerosi, l&#8217;insegnante accompagnatore deve possedere le adeguate conoscenze specialistiche.<\/p>\t\t\t\t\t\t\t\t<\/div>\n\t\t\t\t<\/div>\n\t\t\t\t<div class=\"elementor-element elementor-element-24f5506 elementor-widget elementor-widget-heading\" data-id=\"24f5506\" data-element_type=\"widget\" data-e-type=\"widget\" data-widget_type=\"heading.default\">\n\t\t\t\t<div class=\"elementor-widget-container\">\n\t\t\t\t\t<h2 class=\"elementor-heading-title elementor-size-default\">Prenotazione<\/h2>\t\t\t\t<\/div>\n\t\t\t\t<\/div>\n\t\t\t\t<div class=\"elementor-element elementor-element-9f98802 elementor-widget elementor-widget-text-editor\" data-id=\"9f98802\" data-element_type=\"widget\" data-e-type=\"widget\" data-widget_type=\"text-editor.default\">\n\t\t\t\t<div class=\"elementor-widget-container\">\n\t\t\t\t\t\t\t\t\t<div class=\"elementor-element elementor-element-f820df4 elementor-widget elementor-widget-text-editor\" data-id=\"f820df4\" data-element_type=\"widget\" data-widget_type=\"text-editor.default\"><div class=\"elementor-widget-container\"><p>Il modulo per una richista lo potete trovare qui: <br \/><span style=\"text-decoration: underline;\"><a class=\"wf_file\" href=\"https:\/\/eu.jotform.com\/sign\/241892503071049\/invite\/01j2949dr0c3b0792f714fca89\" target=\"_blank\" rel=\"noopener\"><span class=\"wf_file_text\">Richiesta scuole<\/span><\/a><\/span><\/p><p>I moduli compilati li potrete inviare al seguente indirizzo e-mail:<br \/><span style=\"text-decoration: underline;\"><a href=\"mailto:info@vertikale.it\">info@vertikale.it<\/a><\/span><\/p><\/div><\/div>\t\t\t\t\t\t\t\t<\/div>\n\t\t\t\t<\/div>\n\t\t\t\t\t<\/div>\n\t\t<\/div>\n\t\t\t\t\t<\/div>\n\t\t<\/section>\n\t\t\t\t<section class=\"elementor-section elementor-top-section elementor-element elementor-element-5267fbe elementor-section-boxed elementor-section-height-default elementor-section-height-default\" data-id=\"5267fbe\" data-element_type=\"section\" data-e-type=\"section\">\n\t\t\t\t\t\t<div class=\"elementor-container elementor-column-gap-default\">\n\t\t\t\t\t<div class=\"elementor-column elementor-col-100 elementor-top-column elementor-element elementor-element-0a63d84\" data-id=\"0a63d84\" data-element_type=\"column\" data-e-type=\"column\" data-settings=\"{&quot;background_background&quot;:&quot;classic&quot;}\">\n\t\t\t<div class=\"elementor-widget-wrap elementor-element-populated\">\n\t\t\t\t\t\t<div class=\"elementor-element elementor-element-a522d38 elementor-widget elementor-widget-heading\" data-id=\"a522d38\" data-element_type=\"widget\" data-e-type=\"widget\" data-widget_type=\"heading.default\">\n\t\t\t\t<div class=\"elementor-widget-container\">\n\t\t\t\t\t<h2 class=\"elementor-heading-title elementor-size-default\">Calendario di prenotazioni<\/h2>\t\t\t\t<\/div>\n\t\t\t\t<\/div>\n\t\t\t\t<div class=\"elementor-element elementor-element-4a2f284 elementor-widget elementor-widget-html\" data-id=\"4a2f284\" data-element_type=\"widget\" data-e-type=\"widget\" data-widget_type=\"html.default\">\n\t\t\t\t<div class=\"elementor-widget-container\">\n\t\t\t\t\t<iframe src=\"https:\/\/calendar.google.com\/calendar\/embed?height=600&wkst=2&bgcolor=%23e5eecd&ctz=Europe%2FRome&showPrint=0&showTz=0&showTabs=1&showCalendars=0&showDate=0&showNav=1&showTitle=1&hl=it&src=a2xldHRlcmhhbGxlLmJyaXhlbkBnbWFpbC5jb20&src=ZGUuaXRhbGlhbiNob2xpZGF5QGdyb3VwLnYuY2FsZW5kYXIuZ29vZ2xlLmNvbQ&color=%234285F4&color=%23009688\" style=\"border-width:0\" width=\"800\" height=\"600\" frameborder=\"0\" scrolling=\"no\"><\/iframe>\t\t\t\t<\/div>\n\t\t\t\t<\/div>\n\t\t\t\t\t<\/div>\n\t\t<\/div>\n\t\t\t\t\t<\/div>\n\t\t<\/section>\n\t\t\t\t<\/div>\n\t\t","protected":false},"excerpt":{"rendered":"<p>IMPARA A ARRAMPICARE a scuola! La Vertikale pu\u00f2 essere visitata anche dalle classi scolastiche durante le lezioni. Gli insegnanti di sport possono informarsi sul regolamento qui. Il nostro centro di arrampicata Vertikale pu\u00f2 essere utilizzato a prezzi ridotti durante le lezioni. I prezzi ridotti sono validi per le scuole dell&#8217;obbligo della Provincia Autonoma di Bolzano.\u00a0 [&hellip;]<\/p>\n","protected":false},"author":1,"featured_media":4768,"parent":3517,"menu_order":0,"comment_status":"closed","ping_status":"closed","template":"","meta":{"_acf_changed":false,"footnotes":""},"class_list":["post-3604","page","type-page","status-publish","has-post-thumbnail","hentry"],"acf":[],"yoast_head":"<!-- This site is optimized with the Yoast SEO plugin v27.2 - https:\/\/yoast.com\/product\/yoast-seo-wordpress\/ -->\n<title>Scuole - Vertikale<\/title>\n<meta name=\"robots\" content=\"index, follow, max-snippet:-1, max-image-preview:large, max-video-preview:-1\" \/>\n<link rel=\"canonical\" href=\"https:\/\/vertikale.it\/it\/angebot\/corsi-scholastici\/\" \/>\n<meta property=\"og:locale\" content=\"it_IT\" \/>\n<meta property=\"og:type\" content=\"article\" \/>\n<meta property=\"og:title\" content=\"Scuole - Vertikale\" \/>\n<meta property=\"og:description\" content=\"IMPARA A ARRAMPICARE a scuola! La Vertikale pu\u00f2 essere visitata anche dalle classi scolastiche durante le lezioni. Gli insegnanti di sport possono informarsi sul regolamento qui. Il nostro centro di arrampicata Vertikale pu\u00f2 essere utilizzato a prezzi ridotti durante le lezioni. I prezzi ridotti sono validi per le scuole dell&#8217;obbligo della Provincia Autonoma di Bolzano.\u00a0 [&hellip;]\" \/>\n<meta property=\"og:url\" content=\"https:\/\/vertikale.it\/it\/angebot\/corsi-scholastici\/\" \/>\n<meta property=\"og:site_name\" content=\"Vertikale\" \/>\n<meta property=\"article:modified_time\" content=\"2024-09-23T07:49:36+00:00\" \/>\n<meta property=\"og:image\" content=\"https:\/\/vertikale.it\/wp-content\/uploads\/2022\/03\/Schule_Header.jpg\" \/>\n\t<meta property=\"og:image:width\" content=\"1920\" \/>\n\t<meta property=\"og:image:height\" content=\"1278\" \/>\n\t<meta property=\"og:image:type\" content=\"image\/jpeg\" \/>\n<meta name=\"twitter:card\" content=\"summary_large_image\" \/>\n<meta name=\"twitter:label1\" content=\"Tempo di lettura stimato\" \/>\n\t<meta name=\"twitter:data1\" content=\"3 minuti\" \/>\n<script type=\"application\/ld+json\" class=\"yoast-schema-graph\">{\"@context\":\"https:\/\/schema.org\",\"@graph\":[{\"@type\":\"WebPage\",\"@id\":\"https:\/\/vertikale.it\/it\/angebot\/corsi-scholastici\/\",\"url\":\"https:\/\/vertikale.it\/it\/angebot\/corsi-scholastici\/\",\"name\":\"Scuole - Vertikale\",\"isPartOf\":{\"@id\":\"https:\/\/vertikale.it\/it\/#website\"},\"primaryImageOfPage\":{\"@id\":\"https:\/\/vertikale.it\/it\/angebot\/corsi-scholastici\/#primaryimage\"},\"image\":{\"@id\":\"https:\/\/vertikale.it\/it\/angebot\/corsi-scholastici\/#primaryimage\"},\"thumbnailUrl\":\"https:\/\/vertikale.it\/wp-content\/uploads\/2022\/03\/Schule_Header.jpg\",\"datePublished\":\"2022-02-17T10:35:17+00:00\",\"dateModified\":\"2024-09-23T07:49:36+00:00\",\"breadcrumb\":{\"@id\":\"https:\/\/vertikale.it\/it\/angebot\/corsi-scholastici\/#breadcrumb\"},\"inLanguage\":\"it-IT\",\"potentialAction\":[{\"@type\":\"ReadAction\",\"target\":[\"https:\/\/vertikale.it\/it\/angebot\/corsi-scholastici\/\"]}]},{\"@type\":\"ImageObject\",\"inLanguage\":\"it-IT\",\"@id\":\"https:\/\/vertikale.it\/it\/angebot\/corsi-scholastici\/#primaryimage\",\"url\":\"https:\/\/vertikale.it\/wp-content\/uploads\/2022\/03\/Schule_Header.jpg\",\"contentUrl\":\"https:\/\/vertikale.it\/wp-content\/uploads\/2022\/03\/Schule_Header.jpg\",\"width\":1920,\"height\":1278},{\"@type\":\"BreadcrumbList\",\"@id\":\"https:\/\/vertikale.it\/it\/angebot\/corsi-scholastici\/#breadcrumb\",\"itemListElement\":[{\"@type\":\"ListItem\",\"position\":1,\"name\":\"Home\",\"item\":\"https:\/\/vertikale.it\/it\/\"},{\"@type\":\"ListItem\",\"position\":2,\"name\":\"Offerta\",\"item\":\"https:\/\/vertikale.it\/it\/angebot\/\"},{\"@type\":\"ListItem\",\"position\":3,\"name\":\"Scuole\"}]},{\"@type\":\"WebSite\",\"@id\":\"https:\/\/vertikale.it\/it\/#website\",\"url\":\"https:\/\/vertikale.it\/it\/\",\"name\":\"Vertikale\",\"description\":\"Kletterzentrum Brixen\",\"publisher\":{\"@id\":\"https:\/\/vertikale.it\/it\/#organization\"},\"potentialAction\":[{\"@type\":\"SearchAction\",\"target\":{\"@type\":\"EntryPoint\",\"urlTemplate\":\"https:\/\/vertikale.it\/it\/?s={search_term_string}\"},\"query-input\":{\"@type\":\"PropertyValueSpecification\",\"valueRequired\":true,\"valueName\":\"search_term_string\"}}],\"inLanguage\":\"it-IT\"},{\"@type\":\"Organization\",\"@id\":\"https:\/\/vertikale.it\/it\/#organization\",\"name\":\"Vertikale\",\"url\":\"https:\/\/vertikale.it\/it\/\",\"logo\":{\"@type\":\"ImageObject\",\"inLanguage\":\"it-IT\",\"@id\":\"https:\/\/vertikale.it\/it\/#\/schema\/logo\/image\/\",\"url\":\"https:\/\/vertikale.it\/wp-content\/uploads\/2021\/11\/Vertikale_logo_black-1.png\",\"contentUrl\":\"https:\/\/vertikale.it\/wp-content\/uploads\/2021\/11\/Vertikale_logo_black-1.png\",\"width\":774,\"height\":678,\"caption\":\"Vertikale\"},\"image\":{\"@id\":\"https:\/\/vertikale.it\/it\/#\/schema\/logo\/image\/\"}}]}<\/script>\n<!-- \/ Yoast SEO plugin. -->","yoast_head_json":{"title":"Scuole - Vertikale","robots":{"index":"index","follow":"follow","max-snippet":"max-snippet:-1","max-image-preview":"max-image-preview:large","max-video-preview":"max-video-preview:-1"},"canonical":"https:\/\/vertikale.it\/it\/angebot\/corsi-scholastici\/","og_locale":"it_IT","og_type":"article","og_title":"Scuole - Vertikale","og_description":"IMPARA A ARRAMPICARE a scuola! La Vertikale pu\u00f2 essere visitata anche dalle classi scolastiche durante le lezioni. Gli insegnanti di sport possono informarsi sul regolamento qui. Il nostro centro di arrampicata Vertikale pu\u00f2 essere utilizzato a prezzi ridotti durante le lezioni. I prezzi ridotti sono validi per le scuole dell&#8217;obbligo della Provincia Autonoma di Bolzano.\u00a0 [&hellip;]","og_url":"https:\/\/vertikale.it\/it\/angebot\/corsi-scholastici\/","og_site_name":"Vertikale","article_modified_time":"2024-09-23T07:49:36+00:00","og_image":[{"width":1920,"height":1278,"url":"https:\/\/vertikale.it\/wp-content\/uploads\/2022\/03\/Schule_Header.jpg","type":"image\/jpeg"}],"twitter_card":"summary_large_image","twitter_misc":{"Tempo di lettura stimato":"3 minuti"},"schema":{"@context":"https:\/\/schema.org","@graph":[{"@type":"WebPage","@id":"https:\/\/vertikale.it\/it\/angebot\/corsi-scholastici\/","url":"https:\/\/vertikale.it\/it\/angebot\/corsi-scholastici\/","name":"Scuole - Vertikale","isPartOf":{"@id":"https:\/\/vertikale.it\/it\/#website"},"primaryImageOfPage":{"@id":"https:\/\/vertikale.it\/it\/angebot\/corsi-scholastici\/#primaryimage"},"image":{"@id":"https:\/\/vertikale.it\/it\/angebot\/corsi-scholastici\/#primaryimage"},"thumbnailUrl":"https:\/\/vertikale.it\/wp-content\/uploads\/2022\/03\/Schule_Header.jpg","datePublished":"2022-02-17T10:35:17+00:00","dateModified":"2024-09-23T07:49:36+00:00","breadcrumb":{"@id":"https:\/\/vertikale.it\/it\/angebot\/corsi-scholastici\/#breadcrumb"},"inLanguage":"it-IT","potentialAction":[{"@type":"ReadAction","target":["https:\/\/vertikale.it\/it\/angebot\/corsi-scholastici\/"]}]},{"@type":"ImageObject","inLanguage":"it-IT","@id":"https:\/\/vertikale.it\/it\/angebot\/corsi-scholastici\/#primaryimage","url":"https:\/\/vertikale.it\/wp-content\/uploads\/2022\/03\/Schule_Header.jpg","contentUrl":"https:\/\/vertikale.it\/wp-content\/uploads\/2022\/03\/Schule_Header.jpg","width":1920,"height":1278},{"@type":"BreadcrumbList","@id":"https:\/\/vertikale.it\/it\/angebot\/corsi-scholastici\/#breadcrumb","itemListElement":[{"@type":"ListItem","position":1,"name":"Home","item":"https:\/\/vertikale.it\/it\/"},{"@type":"ListItem","position":2,"name":"Offerta","item":"https:\/\/vertikale.it\/it\/angebot\/"},{"@type":"ListItem","position":3,"name":"Scuole"}]},{"@type":"WebSite","@id":"https:\/\/vertikale.it\/it\/#website","url":"https:\/\/vertikale.it\/it\/","name":"Vertikale","description":"Kletterzentrum Brixen","publisher":{"@id":"https:\/\/vertikale.it\/it\/#organization"},"potentialAction":[{"@type":"SearchAction","target":{"@type":"EntryPoint","urlTemplate":"https:\/\/vertikale.it\/it\/?s={search_term_string}"},"query-input":{"@type":"PropertyValueSpecification","valueRequired":true,"valueName":"search_term_string"}}],"inLanguage":"it-IT"},{"@type":"Organization","@id":"https:\/\/vertikale.it\/it\/#organization","name":"Vertikale","url":"https:\/\/vertikale.it\/it\/","logo":{"@type":"ImageObject","inLanguage":"it-IT","@id":"https:\/\/vertikale.it\/it\/#\/schema\/logo\/image\/","url":"https:\/\/vertikale.it\/wp-content\/uploads\/2021\/11\/Vertikale_logo_black-1.png","contentUrl":"https:\/\/vertikale.it\/wp-content\/uploads\/2021\/11\/Vertikale_logo_black-1.png","width":774,"height":678,"caption":"Vertikale"},"image":{"@id":"https:\/\/vertikale.it\/it\/#\/schema\/logo\/image\/"}}]}},"_links":{"self":[{"href":"https:\/\/vertikale.it\/it\/wp-json\/wp\/v2\/pages\/3604","targetHints":{"allow":["GET"]}}],"collection":[{"href":"https:\/\/vertikale.it\/it\/wp-json\/wp\/v2\/pages"}],"about":[{"href":"https:\/\/vertikale.it\/it\/wp-json\/wp\/v2\/types\/page"}],"author":[{"embeddable":true,"href":"https:\/\/vertikale.it\/it\/wp-json\/wp\/v2\/users\/1"}],"replies":[{"embeddable":true,"href":"https:\/\/vertikale.it\/it\/wp-json\/wp\/v2\/comments?post=3604"}],"version-history":[{"count":29,"href":"https:\/\/vertikale.it\/it\/wp-json\/wp\/v2\/pages\/3604\/revisions"}],"predecessor-version":[{"id":10325,"href":"https:\/\/vertikale.it\/it\/wp-json\/wp\/v2\/pages\/3604\/revisions\/10325"}],"up":[{"embeddable":true,"href":"https:\/\/vertikale.it\/it\/wp-json\/wp\/v2\/pages\/3517"}],"wp:featuredmedia":[{"embeddable":true,"href":"https:\/\/vertikale.it\/it\/wp-json\/wp\/v2\/media\/4768"}],"wp:attachment":[{"href":"https:\/\/vertikale.it\/it\/wp-json\/wp\/v2\/media?parent=3604"}],"curies":[{"name":"wp","href":"https:\/\/api.w.org\/{rel}","templated":true}]}}