{"id":3682,"date":"2021-12-03T15:22:44","date_gmt":"2021-12-03T14:22:44","guid":{"rendered":"https:\/\/vertikale.freiundzeit-dev.it\/angebot\/ora-privata\/"},"modified":"2025-06-03T13:44:36","modified_gmt":"2025-06-03T11:44:36","slug":"ora-privata","status":"publish","type":"product","link":"https:\/\/vertikale.it\/it\/prodotto\/ora-privata\/","title":{"rendered":"Ora privata"},"content":{"rendered":"<h2>The One and Only!<\/h2>\n<p>Un istruttore di arrampicata si dedica solo a te. Riceverai preziosi consigli e trucchi che ti aiuteranno a raggiungere i tuoi obiettivi di arrampicata. Il prezzo include l&#8217;accesso alla sala e l&#8217;attrezzatura per l&#8217;arrampicata. Adatto a tutte le et\u00e0 e livelli di abilit\u00e0. Adatto a tutte le et\u00e0 e livelli di abilit\u00e0. Durata: 1,5 ore Prezzi:<\/p>\n<table id=\"privateClassPrices\">\n<tbody>\n<tr>\n<td class=\"first-colum\">1 persona:<\/td>\n<td class=\"second-colum\">83\u20ac<\/td>\n<\/tr>\n<tr>\n<td class=\"first-colum\">2 persone:<\/td>\n<td class=\"second-colum\">108\u20ac<\/td>\n<\/tr>\n<tr>\n<td class=\"first-colum\">3 persone:<\/td>\n<td class=\"second-colum\">132\u20ac<\/td>\n<\/tr>\n<tr>\n<td class=\"first-colum\">4 persone:<\/td>\n<td class=\"second-colum\">150\u20ac<\/td>\n<\/tr>\n<tr>\n<td class=\"first-colum\">5 persone:<\/td>\n<td class=\"second-colum\">167\u20ac<\/td>\n<\/tr>\n<tr>\n<td class=\"first-colum\">6 persone:<\/td>\n<td class=\"second-colum\">183\u20ac<\/td>\n<\/tr>\n<\/tbody>\n<\/table>\n<p>Nota: la registrazione deve essere effettuata con almeno 1 giorni di anticipo. Numero massimo di partecipanti: 6 persone.<\/p>\n","protected":false},"excerpt":{"rendered":"<p>The One and Only! Un istruttore di arrampicata si dedica solo a te. Riceverai preziosi consigli e trucchi che ti aiuteranno a raggiungere i tuoi obiettivi di arrampicata. Il prezzo include l&#8217;accesso alla sala e l&#8217;attrezzatura per l&#8217;arrampicata. Adatto a tutte le et\u00e0 e livelli di abilit\u00e0. Adatto a tutte le et\u00e0 e livelli di [&hellip;]<\/p>\n","protected":false},"featured_media":3385,"template":"","meta":{"_acf_changed":false},"product_brand":[],"product_cat":[99],"product_tag":[],"class_list":{"0":"post-3682","1":"product","2":"type-product","3":"status-publish","4":"has-post-thumbnail","6":"product_cat-corsi-privati","8":"first","9":"instock","10":"virtual","11":"taxable","12":"purchasable","13":"product-type-phive_booking"},"acf":[],"yoast_head":"<!-- This site is optimized with the Yoast SEO plugin v27.2 - https:\/\/yoast.com\/product\/yoast-seo-wordpress\/ -->\n<title>Ora privata - Vertikale<\/title>\n<meta name=\"robots\" content=\"index, follow, max-snippet:-1, max-image-preview:large, max-video-preview:-1\" \/>\n<link rel=\"canonical\" href=\"https:\/\/vertikale.it\/it\/prodotto\/ora-privata\/\" \/>\n<meta property=\"og:locale\" content=\"it_IT\" \/>\n<meta property=\"og:type\" content=\"article\" \/>\n<meta property=\"og:title\" content=\"Ora privata - Vertikale\" \/>\n<meta property=\"og:description\" content=\"The One and Only! Un istruttore di arrampicata si dedica solo a te. Riceverai preziosi consigli e trucchi che ti aiuteranno a raggiungere i tuoi obiettivi di arrampicata. Il prezzo include l&#8217;accesso alla sala e l&#8217;attrezzatura per l&#8217;arrampicata. Adatto a tutte le et\u00e0 e livelli di abilit\u00e0. Adatto a tutte le et\u00e0 e livelli di [&hellip;]\" \/>\n<meta property=\"og:url\" content=\"https:\/\/vertikale.it\/it\/prodotto\/ora-privata\/\" \/>\n<meta property=\"og:site_name\" content=\"Vertikale\" \/>\n<meta property=\"article:modified_time\" content=\"2025-06-03T11:44:36+00:00\" \/>\n<meta property=\"og:image\" content=\"https:\/\/vertikale.it\/wp-content\/uploads\/2021\/12\/heliks_header.jpg\" \/>\n\t<meta property=\"og:image:width\" content=\"1920\" \/>\n\t<meta property=\"og:image:height\" content=\"1280\" \/>\n\t<meta property=\"og:image:type\" content=\"image\/jpeg\" \/>\n<meta name=\"twitter:card\" content=\"summary_large_image\" \/>\n<script type=\"application\/ld+json\" class=\"yoast-schema-graph\">{\"@context\":\"https:\/\/schema.org\",\"@graph\":[{\"@type\":\"WebPage\",\"@id\":\"https:\/\/vertikale.it\/it\/prodotto\/ora-privata\/\",\"url\":\"https:\/\/vertikale.it\/it\/prodotto\/ora-privata\/\",\"name\":\"Ora privata - Vertikale\",\"isPartOf\":{\"@id\":\"https:\/\/vertikale.it\/it\/#website\"},\"primaryImageOfPage\":{\"@id\":\"https:\/\/vertikale.it\/it\/prodotto\/ora-privata\/#primaryimage\"},\"image\":{\"@id\":\"https:\/\/vertikale.it\/it\/prodotto\/ora-privata\/#primaryimage\"},\"thumbnailUrl\":\"https:\/\/vertikale.it\/wp-content\/uploads\/2021\/12\/heliks_header.jpg\",\"datePublished\":\"2021-12-03T14:22:44+00:00\",\"dateModified\":\"2025-06-03T11:44:36+00:00\",\"breadcrumb\":{\"@id\":\"https:\/\/vertikale.it\/it\/prodotto\/ora-privata\/#breadcrumb\"},\"inLanguage\":\"it-IT\",\"potentialAction\":[{\"@type\":\"ReadAction\",\"target\":[\"https:\/\/vertikale.it\/it\/prodotto\/ora-privata\/\"]}]},{\"@type\":\"ImageObject\",\"inLanguage\":\"it-IT\",\"@id\":\"https:\/\/vertikale.it\/it\/prodotto\/ora-privata\/#primaryimage\",\"url\":\"https:\/\/vertikale.it\/wp-content\/uploads\/2021\/12\/heliks_header.jpg\",\"contentUrl\":\"https:\/\/vertikale.it\/wp-content\/uploads\/2021\/12\/heliks_header.jpg\",\"width\":1920,\"height\":1280},{\"@type\":\"BreadcrumbList\",\"@id\":\"https:\/\/vertikale.it\/it\/prodotto\/ora-privata\/#breadcrumb\",\"itemListElement\":[{\"@type\":\"ListItem\",\"position\":1,\"name\":\"Home\",\"item\":\"https:\/\/vertikale.it\/it\/\"},{\"@type\":\"ListItem\",\"position\":2,\"name\":\"Shop\",\"item\":\"https:\/\/vertikale.it\/shop\/\"},{\"@type\":\"ListItem\",\"position\":3,\"name\":\"Ora privata\"}]},{\"@type\":\"WebSite\",\"@id\":\"https:\/\/vertikale.it\/it\/#website\",\"url\":\"https:\/\/vertikale.it\/it\/\",\"name\":\"Vertikale\",\"description\":\"Kletterzentrum Brixen\",\"publisher\":{\"@id\":\"https:\/\/vertikale.it\/it\/#organization\"},\"potentialAction\":[{\"@type\":\"SearchAction\",\"target\":{\"@type\":\"EntryPoint\",\"urlTemplate\":\"https:\/\/vertikale.it\/it\/?s={search_term_string}\"},\"query-input\":{\"@type\":\"PropertyValueSpecification\",\"valueRequired\":true,\"valueName\":\"search_term_string\"}}],\"inLanguage\":\"it-IT\"},{\"@type\":\"Organization\",\"@id\":\"https:\/\/vertikale.it\/it\/#organization\",\"name\":\"Vertikale\",\"url\":\"https:\/\/vertikale.it\/it\/\",\"logo\":{\"@type\":\"ImageObject\",\"inLanguage\":\"it-IT\",\"@id\":\"https:\/\/vertikale.it\/it\/#\/schema\/logo\/image\/\",\"url\":\"https:\/\/vertikale.it\/wp-content\/uploads\/2021\/11\/Vertikale_logo_black-1.png\",\"contentUrl\":\"https:\/\/vertikale.it\/wp-content\/uploads\/2021\/11\/Vertikale_logo_black-1.png\",\"width\":774,\"height\":678,\"caption\":\"Vertikale\"},\"image\":{\"@id\":\"https:\/\/vertikale.it\/it\/#\/schema\/logo\/image\/\"}}]}<\/script>\n<!-- \/ Yoast SEO plugin. -->","yoast_head_json":{"title":"Ora privata - Vertikale","robots":{"index":"index","follow":"follow","max-snippet":"max-snippet:-1","max-image-preview":"max-image-preview:large","max-video-preview":"max-video-preview:-1"},"canonical":"https:\/\/vertikale.it\/it\/prodotto\/ora-privata\/","og_locale":"it_IT","og_type":"article","og_title":"Ora privata - Vertikale","og_description":"The One and Only! Un istruttore di arrampicata si dedica solo a te. Riceverai preziosi consigli e trucchi che ti aiuteranno a raggiungere i tuoi obiettivi di arrampicata. Il prezzo include l&#8217;accesso alla sala e l&#8217;attrezzatura per l&#8217;arrampicata. Adatto a tutte le et\u00e0 e livelli di abilit\u00e0. Adatto a tutte le et\u00e0 e livelli di [&hellip;]","og_url":"https:\/\/vertikale.it\/it\/prodotto\/ora-privata\/","og_site_name":"Vertikale","article_modified_time":"2025-06-03T11:44:36+00:00","og_image":[{"width":1920,"height":1280,"url":"https:\/\/vertikale.it\/wp-content\/uploads\/2021\/12\/heliks_header.jpg","type":"image\/jpeg"}],"twitter_card":"summary_large_image","schema":{"@context":"https:\/\/schema.org","@graph":[{"@type":"WebPage","@id":"https:\/\/vertikale.it\/it\/prodotto\/ora-privata\/","url":"https:\/\/vertikale.it\/it\/prodotto\/ora-privata\/","name":"Ora privata - Vertikale","isPartOf":{"@id":"https:\/\/vertikale.it\/it\/#website"},"primaryImageOfPage":{"@id":"https:\/\/vertikale.it\/it\/prodotto\/ora-privata\/#primaryimage"},"image":{"@id":"https:\/\/vertikale.it\/it\/prodotto\/ora-privata\/#primaryimage"},"thumbnailUrl":"https:\/\/vertikale.it\/wp-content\/uploads\/2021\/12\/heliks_header.jpg","datePublished":"2021-12-03T14:22:44+00:00","dateModified":"2025-06-03T11:44:36+00:00","breadcrumb":{"@id":"https:\/\/vertikale.it\/it\/prodotto\/ora-privata\/#breadcrumb"},"inLanguage":"it-IT","potentialAction":[{"@type":"ReadAction","target":["https:\/\/vertikale.it\/it\/prodotto\/ora-privata\/"]}]},{"@type":"ImageObject","inLanguage":"it-IT","@id":"https:\/\/vertikale.it\/it\/prodotto\/ora-privata\/#primaryimage","url":"https:\/\/vertikale.it\/wp-content\/uploads\/2021\/12\/heliks_header.jpg","contentUrl":"https:\/\/vertikale.it\/wp-content\/uploads\/2021\/12\/heliks_header.jpg","width":1920,"height":1280},{"@type":"BreadcrumbList","@id":"https:\/\/vertikale.it\/it\/prodotto\/ora-privata\/#breadcrumb","itemListElement":[{"@type":"ListItem","position":1,"name":"Home","item":"https:\/\/vertikale.it\/it\/"},{"@type":"ListItem","position":2,"name":"Shop","item":"https:\/\/vertikale.it\/shop\/"},{"@type":"ListItem","position":3,"name":"Ora privata"}]},{"@type":"WebSite","@id":"https:\/\/vertikale.it\/it\/#website","url":"https:\/\/vertikale.it\/it\/","name":"Vertikale","description":"Kletterzentrum Brixen","publisher":{"@id":"https:\/\/vertikale.it\/it\/#organization"},"potentialAction":[{"@type":"SearchAction","target":{"@type":"EntryPoint","urlTemplate":"https:\/\/vertikale.it\/it\/?s={search_term_string}"},"query-input":{"@type":"PropertyValueSpecification","valueRequired":true,"valueName":"search_term_string"}}],"inLanguage":"it-IT"},{"@type":"Organization","@id":"https:\/\/vertikale.it\/it\/#organization","name":"Vertikale","url":"https:\/\/vertikale.it\/it\/","logo":{"@type":"ImageObject","inLanguage":"it-IT","@id":"https:\/\/vertikale.it\/it\/#\/schema\/logo\/image\/","url":"https:\/\/vertikale.it\/wp-content\/uploads\/2021\/11\/Vertikale_logo_black-1.png","contentUrl":"https:\/\/vertikale.it\/wp-content\/uploads\/2021\/11\/Vertikale_logo_black-1.png","width":774,"height":678,"caption":"Vertikale"},"image":{"@id":"https:\/\/vertikale.it\/it\/#\/schema\/logo\/image\/"}}]}},"_links":{"self":[{"href":"https:\/\/vertikale.it\/it\/wp-json\/wp\/v2\/product\/3682","targetHints":{"allow":["GET"]}}],"collection":[{"href":"https:\/\/vertikale.it\/it\/wp-json\/wp\/v2\/product"}],"about":[{"href":"https:\/\/vertikale.it\/it\/wp-json\/wp\/v2\/types\/product"}],"wp:featuredmedia":[{"embeddable":true,"href":"https:\/\/vertikale.it\/it\/wp-json\/wp\/v2\/media\/3385"}],"wp:attachment":[{"href":"https:\/\/vertikale.it\/it\/wp-json\/wp\/v2\/media?parent=3682"}],"wp:term":[{"taxonomy":"product_brand","embeddable":true,"href":"https:\/\/vertikale.it\/it\/wp-json\/wp\/v2\/product_brand?post=3682"},{"taxonomy":"product_cat","embeddable":true,"href":"https:\/\/vertikale.it\/it\/wp-json\/wp\/v2\/product_cat?post=3682"},{"taxonomy":"product_tag","embeddable":true,"href":"https:\/\/vertikale.it\/it\/wp-json\/wp\/v2\/product_tag?post=3682"}],"curies":[{"name":"wp","href":"https:\/\/api.w.org\/{rel}","templated":true}]}}